{"id":75,"date":"2024-12-10T13:43:32","date_gmt":"2024-12-10T13:43:32","guid":{"rendered":"https:\/\/lukasreiner.de\/?page_id=75"},"modified":"2024-12-11T15:30:24","modified_gmt":"2024-12-11T15:30:24","slug":"kontakt","status":"publish","type":"page","link":"https:\/\/lukasreiner.de\/?page_id=75","title":{"rendered":"Kontakt"},"content":{"rendered":"<style><\/style><!-- ZOOM Forms Start -->\n\t\t\t<form id=\"wpzf-68\" method=\"post\" action=\"https:\/\/lukasreiner.de\/wp-admin\/admin-post.php\" class=\"wpzoom-forms_form\">\n\t\t\t<input type=\"hidden\" name=\"action\" value=\"wpzf_submit\" \/>\n\t\t\t<input type=\"hidden\" name=\"form_id\" value=\"68\" \/>\n\t\t\t<input type=\"hidden\" id=\"_wpnonce\" name=\"_wpnonce\" value=\"9aabca105c\" \/><input type=\"hidden\" name=\"_wp_http_referer\" value=\"\/index.php?rest_route=%2Fwp%2Fv2%2Fpages%2F75\" \/>\n\t\t\t\n\t\t\t\n<div class=\"wp-block-wpzoom-forms-form\">\n<div class=\"wp-block-group\">\n<div class=\"wp-block-columns\">\n<div class=\"wp-block-column\" style=\"flex-basis:100%\">\n<label for=\"input_name\"><label for=\"input_name\">Name<\/label><sup class=\"wp-block-wpzoom-forms-required\">*<\/sup><\/label><input type=\"text\" name=\"wpzf_input_name\" id=\"input_name\" placeholder=\"\" required class=\"wp-block-wpzoom-forms-text-name-field fullwidth\"\/>\n\n\n\n<label for=\"input_email\"><label for=\"input_email\">Email<\/label><sup class=\"wp-block-wpzoom-forms-required\">*<\/sup><\/label><input type=\"email\" name=\"wpzf_input_email\" id=\"input_email\" placeholder=\"\" required data-replyto=\"true\" class=\"wp-block-wpzoom-forms-text-email-field fullwidth\"\/>\n\n\n\n<label for=\"input_subject\"><label for=\"input_subject\">Subject<\/label><sup class=\"wp-block-wpzoom-forms-required\">*<\/sup><\/label><input type=\"text\" name=\"wpzf_input_subject\" id=\"input_subject\" placeholder=\"\" required data-subject=\"true\" class=\"wp-block-wpzoom-forms-text-plain-field fullwidth\"\/>\n\n\n\n<label for=\"input_message\"><label for=\"input_message\">Message<\/label><sup class=\"wp-block-wpzoom-forms-required\">*<\/sup><\/label><textarea name=\"wpzf_input_message\" id=\"input_message\" cols=\"55\" rows=\"10\" placeholder=\"\" required class=\"wp-block-wpzoom-forms-textarea-field fullwidth\"><\/textarea>\n<\/div>\n<\/div>\n\n\n\n<div class=\"wp-block-columns\">\n<div class=\"wp-block-column\" style=\"flex-basis:30%\">\n<input type=\"submit\" id=\"input_submit\" value=\"Submit\" class=\"wp-block-wpzoom-forms-submit-field\"\/>\n<\/div>\n\n\n\n<div class=\"wp-block-column\" style=\"flex-basis:70%\">\n<p class=\"has-text-align-right\" style=\"font-size:16px\">Fields marked with <strong class=\"has-accent-color has-text-color\">*<\/strong> are required.<\/p>\n<\/div>\n<\/div>\n<\/div>\n<\/div>\n\n\t\t\t<input type=\"hidden\" name=\"wpzf_replyto\" value=\"wpzf_input_email\" \/><input type=\"hidden\" name=\"wpzf_subject\" value=\"wpzf_input_subject\" \/><\/form>\n\t\t\t<!-- ZOOM Forms End -->\r\n\r\n\r\n<h1 class=\"wp-block-heading\">IMPRESSUM<\/h1>\r\n\r\n\r\n\r\n<h5 class=\"wp-block-heading\">Angaben gem\u00e4\u00df \u00a75 TMG<\/h5>\r\n\r\n\r\n\r\n<figure class=\"wp-block-table\">\r\n<table class=\"has-fixed-layout\">\r\n<tbody>\r\n<tr>\r\n<td><strong>NAME:<\/strong><\/td>\r\n<td><strong>LUKAS REINER<\/strong><\/td>\r\n<\/tr>\r\n<tr>\r\n<td><strong>ADRESSE:<\/strong><\/td>\r\n<td><strong>Breisgaustra\u00dfe 43<\/strong><\/td>\r\n<\/tr>\r\n<tr>\r\n<td>\u00a0<\/td>\r\n<td><strong>D-04209 Leipzig<\/strong><\/td>\r\n<\/tr>\r\n<tr>\r\n<td><strong>TELEFON:<\/strong><\/td>\r\n<td><strong>+49 176 5041 5643<\/strong><\/td>\r\n<\/tr>\r\n<tr>\r\n<td><strong>E-MAIL:<\/strong><\/td>\r\n<td><strong>INFO@LUKASREINER.DE<\/strong><\/td>\r\n<\/tr>\r\n<\/tbody>\r\n<\/table>\r\n<\/figure>\r\n\r\n\r\n\r\n<pre class=\"wp-block-preformatted\"><strong>Haftungsausschluss (Disclaimer)<\/strong>\r\n\r\n<em><strong><em>Haftung f\u00fcr Inhalte<\/em><\/strong><\/em>\r\n\r\nAls Diensteanbieter sind wir gem\u00e4\u00df \u00a7 7 Abs.1 TMG f\u00fcr eigene Inhalte auf diesen Seiten nach den allgemeinen Gesetzen verantwortlich. Nach \u00a7\u00a7 8 bis 10 TMG sind wir als Diensteanbieter jedoch nicht verpflichtet, \u00fcbermittelte oder gespeicherte fremde Informationen zu \u00fcberwachen oder nach Umst\u00e4nden zu forschen, die auf eine rechtswidrige T\u00e4tigkeit hinweisen. Verpflichtungen zur Entfernung oder Sperrung der Nutzung von Informationen nach den allgemeinen Gesetzen bleiben hiervon unber\u00fchrt. Eine diesbez\u00fcgliche Haftung ist jedoch erst ab dem Zeitpunkt der Kenntnis einer konkreten Rechtsverletzung m\u00f6glich. Bei Bekanntwerden von entsprechenden Rechtsverletzungen werden wir diese Inhalte umgehend entfernen.\r\n\r\n<em><strong><em>Haftung f\u00fcr Links<\/em><\/strong><\/em>\r\n\r\nUnser Angebot enth\u00e4lt Links zu externen Webseiten Dritter, auf deren Inhalte wir keinen Einfluss haben. Deshalb k\u00f6nnen wir f\u00fcr diese fremden Inhalte auch keine Gew\u00e4hr \u00fcbernehmen. F\u00fcr die Inhalte der verlinkten Seiten ist stets der jeweilige Anbieter oder Betreiber der Seiten verantwortlich. Die verlinkten Seiten wurden zum Zeitpunkt der Verlinkung auf m\u00f6gliche Rechtsverst\u00f6\u00dfe \u00fcberpr\u00fcft. Rechtswidrige Inhalte waren zum Zeitpunkt der Verlinkung nicht erkennbar. Eine permanente inhaltliche Kontrolle der verlinkten Seiten ist jedoch ohne konkrete Anhaltspunkte einer Rechtsverletzung nicht zumutbar. Bei Bekanntwerden von Rechtsverletzungen werden wir derartige Links umgehend entfernen.\r\n\r\n<em><strong>Urheberrecht<\/strong><\/em>\r\n\r\nDie durch die Seitenbetreiber erstellten Inhalte und Werke auf diesen Seiten unterliegen dem deutschen Urheberrecht. Die Vervielf\u00e4ltigung, Bearbeitung, Verbreitung und jede Art der Verwertung au\u00dferhalb der Grenzen des Urheberrechtes bed\u00fcrfen der schriftlichen Zustimmung des jeweiligen Autors bzw. Erstellers. Downloads und Kopien dieser Seite sind nur f\u00fcr den privaten, nicht kommerziellen Gebrauch gestattet. Soweit die Inhalte auf dieser Seite nicht vom Betreiber erstellt wurden, werden die Urheberrechte Dritter beachtet. Insbesondere werden Inhalte Dritter als solche gekennzeichnet. Sollten Sie trotzdem auf eine Urheberrechtsverletzung aufmerksam werden, bitten wir um einen entsprechenden Hinweis. Bei Bekanntwerden von Rechtsverletzungen werden wir derartige Inhalte umgehend entfernen.\r\n\r\nDas Impressum wurde mit Hilfe von <a href=\"http:\/\/www.e-recht24.de\/\" target=\"_blank\" rel=\"noreferrer noopener\">eRecht24<\/a> erstellt.\r\n\r\nDieses Impressum gilt auch f\u00fcr unsere Social Media Profile:\r\n\r\n<em><strong>YouTube<\/strong><\/em> <a href=\"https:\/\/www.youtube.com\/channel\/UCxKEZuIV34_axUHO51KPL-Q\">https:\/\/www.youtube.com\/channel\/UCxKEZuIV34_axUHO51KPL-Q<\/a> \r\n<em><strong>Instagram<\/strong><\/em> <a href=\"https:\/\/www.instagram.com\/lukasreinermusik\/?hl=de\">https:\/\/www.instagram.com\/lukasreinermusik\/?hl=de<\/a>\r\n<em><strong>Spotify<\/strong><\/em> <a href=\"https:\/\/open.spotify.com\/artist\/3Lk745LjBdZzn5A4Po7mSW?si=q6Z_8YXeRkeBWa0slPDWsw\">https:\/\/open.spotify.com\/artist\/3Lk745LjBdZzn5A4Po7mSW?si=q6Z_8YXeRkeBWa0slPDWsw<\/a>\r\n<em><strong>Facebook <\/strong><\/em><a href=\"https:\/\/www.facebook.com\/lukasreinermusik\/\">https:\/\/www.facebook.com\/lukasreinermusik\/<\/a><\/pre>\r\n","protected":false},"excerpt":{"rendered":"<p>IMPRESSUM Angaben gem\u00e4\u00df \u00a75 TMG NAME: LUKAS REINER ADRESSE: Breisgaustra\u00dfe 43 \u00a0 D-04209 Leipzig TELEFON: +49 176 5041 5643 E-MAIL: INFO@LUKASREINER.DE Haftungsausschluss (Disclaimer) Haftung f\u00fcr Inhalte Als Diensteanbieter sind wir gem\u00e4\u00df \u00a7 7 Abs.1 TMG f\u00fcr eigene Inhalte auf diesen Seiten nach den allgemeinen Gesetzen verantwortlich. Nach \u00a7\u00a7 8 bis 10 TMG sind wir als &hellip; <\/p>\n<p class=\"link-more\"><a href=\"https:\/\/lukasreiner.de\/?page_id=75\" class=\"more-link\">Mehr <span class=\"screen-reader-text\">\u00fcber &#8222;Kontakt&#8220; <\/span>Lesen<\/a><\/p>\n","protected":false},"author":1,"featured_media":0,"parent":0,"menu_order":0,"comment_status":"closed","ping_status":"closed","template":"","meta":{"footnotes":""},"class_list":["post-75","page","type-page","status-publish","hentry"],"featured_media_urls":[],"_links":{"self":[{"href":"https:\/\/lukasreiner.de\/index.php?rest_route=\/wp\/v2\/pages\/75","targetHints":{"allow":["GET"]}}],"collection":[{"href":"https:\/\/lukasreiner.de\/index.php?rest_route=\/wp\/v2\/pages"}],"about":[{"href":"https:\/\/lukasreiner.de\/index.php?rest_route=\/wp\/v2\/types\/page"}],"author":[{"embeddable":true,"href":"https:\/\/lukasreiner.de\/index.php?rest_route=\/wp\/v2\/users\/1"}],"replies":[{"embeddable":true,"href":"https:\/\/lukasreiner.de\/index.php?rest_route=%2Fwp%2Fv2%2Fcomments&post=75"}],"version-history":[{"count":5,"href":"https:\/\/lukasreiner.de\/index.php?rest_route=\/wp\/v2\/pages\/75\/revisions"}],"predecessor-version":[{"id":129,"href":"https:\/\/lukasreiner.de\/index.php?rest_route=\/wp\/v2\/pages\/75\/revisions\/129"}],"wp:attachment":[{"href":"https:\/\/lukasreiner.de\/index.php?rest_route=%2Fwp%2Fv2%2Fmedia&parent=75"}],"curies":[{"name":"wp","href":"https:\/\/api.w.org\/{rel}","templated":true}]}}